{"id":31,"date":"2023-01-20T17:41:55","date_gmt":"2023-01-20T17:41:55","guid":{"rendered":"https:\/\/st.web.tr\/?page_id=31"},"modified":"2023-03-21T13:57:18","modified_gmt":"2023-03-21T13:57:18","slug":"cv","status":"publish","type":"page","link":"https:\/\/st.web.tr\/index.php\/cv\/","title":{"rendered":"Ya\u015fad\u0131m"},"content":{"rendered":"<p><strong>K\u0131sa bir hayat hikayesi<\/strong><\/p>\n<ul>\n<li>Kahramanmara\u015f&#8217;ta do\u011fdum.<\/li>\n<li>Dokuz Eyl\u00fcl \u00dcniversitesinde Makine M\u00fchendisli\u011fi alan\u0131nda Lisans, Y\u00fcksek Lisans\u00a0 ve Doktora Dereceleri ald\u0131m.<\/li>\n<li>Denizli, Afyonkarahisar ve Bursa&#8217;da \u00fcniversitelerde \u00e7al\u0131\u015ft\u0131m.<\/li>\n<li>B\u00f6l\u00fcm Ba\u015fkanl\u0131\u011f\u0131, Dekanl\u0131k, Enstit\u00fc M\u00fcd\u00fcrl\u00fc\u011f\u00fc, Rekt\u00f6r Yard\u0131mc\u0131l\u0131\u011f\u0131 yapt\u0131m.<\/li>\n<li>2015 y\u0131l\u0131nda emekliye ayr\u0131ld\u0131m.<\/li>\n<li>Anadolu \u00dcniversitesinde Halkla \u0130li\u015fkiler ve Reklamc\u0131l\u0131k, \u0130stanbul \u00dcniversitesinde Y\u00f6netim Bili\u015fim Sistemleri okudum.<\/li>\n<li>Halen Atat\u00fcrk \u00dcniversitesinde Rekreasyon okuyorum.<\/li>\n<\/ul>\n<p>Her d\u00fczeyiyle hayat benim i\u00e7in \u00e7ok de\u011ferlidir. Hayat\u0131 do\u011frudan ve dolayl\u0131 etkileyen her \u015feyi \u00f6nemserim. Bu nedenle t\u00fcm elementleri ile do\u011fa ve atmosfer, bitkiler ve hayvanlar her birinin zarar verilmeden davran\u0131lmay\u0131 var olu\u015flar\u0131yla birlikte hak etiklerine inan\u0131yorum.<\/p>\n<p>\u00d6zellikle insan hayat\u0131 ve insan olman\u0131n vazge\u00e7ilmez bir par\u00e7as\u0131 olan insan onuru&#8230; Masum bir insana en k\u00fc\u00e7\u00fck bir zarar vereni, hayat\u0131 ve insan onurunu \u00f6nemsiz g\u00f6reni desteklemem ve yan\u0131nda olmam m\u00fcmk\u00fcn de\u011fildir. \u0130nsan onurunun en \u00f6nemli yan\u0131 da insan \u00f6zg\u00fcrl\u00fc\u011f\u00fcd\u00fcr. \u0130nsan\u0131 \u00f6zg\u00fcrl\u00fc\u011f\u00fcnden mahrum etme ve bunu haks\u0131z bir yolla ger\u00e7ekle\u015ftirme \u00e7abas\u0131 en b\u00fcy\u00fck nefreti hak eden bir tutumdur. Ben onlardan uza\u011f\u0131m, onlar da benden uzak olsunlar..<\/p>\n<p>Ki\u015fi haklar\u0131 benim g\u00f6z\u00fcmde kutsald\u0131r ve en b\u00fcy\u00fck sayg\u0131y\u0131 hak eder. Bunu hayat\u0131m\u0131n en \u00f6nemli ilkesi say\u0131yorum. Hakk\u0131 olmayan bir \u015feye dokunmay\u0131 ve sahiplenmeyi de bu kapsamda en nefret edilecek bir tutum olarak g\u00f6r\u00fcyorum.<\/p>\n<p>Hayat\u0131m boyunca olabildi\u011fince bu \u00e7er\u00e7evede bir ahlaki davran\u0131\u015f i\u00e7inde olmaya \u00e7al\u0131\u015ft\u0131m. Mesaime dikkat ettim. Hakk\u0131m olmayan\u0131 almad\u0131m. \u0130stemeden \u00fczerimde kalan olduysa en k\u0131sa s\u00fcrede onu sahiplerine iade etmeye \u00e7al\u0131\u015ft\u0131m.<\/p>\n<p>Yetkilerimi haks\u0131zl\u0131\u011fa yer vermeyecek do\u011frultuda kulland\u0131m. G\u00fcc\u00fcm oran\u0131nda haks\u0131zl\u0131k yap\u0131lmas\u0131na izin vermedim. Israrla haks\u0131zl\u0131k yap\u0131lan yerlerden uzak durdum.<\/p>\n<p>Misyonumun &#8220;\u0130nsanlar\u0131n iyisi kendisinde insanlar i\u00e7in yararl\u0131 bir \u015feyler bulunand\u0131r&#8221; s\u00f6z\u00fcnde ifade buldu\u011funu d\u00fc\u015f\u00fcn\u00fcyorum.<\/p>\n<p>Zarar veren \u015feyin giderilmesi, fayda veren \u015feyin getirilmesinden \u00f6nceliklidir.<\/p>\n<p>&nbsp;<\/p>\n<p>&nbsp;<\/p>\n","protected":false},"excerpt":{"rendered":"<p>K\u0131sa bir hayat hikayesi Kahramanmara\u015f&#8217;ta do\u011fdum. Dokuz Eyl\u00fcl \u00dcniversitesinde Makine M\u00fchendisli\u011fi alan\u0131nda Lisans, Y\u00fcksek Lisans\u00a0 ve Doktora Dereceleri ald\u0131m. Denizli, Afyonkarahisar ve Bursa&#8217;da \u00fcniversitelerde \u00e7al\u0131\u015ft\u0131m. B\u00f6l\u00fcm Ba\u015fkanl\u0131\u011f\u0131, Dekanl\u0131k, Enstit\u00fc M\u00fcd\u00fcrl\u00fc\u011f\u00fc, Rekt\u00f6r Yard\u0131mc\u0131l\u0131\u011f\u0131 yapt\u0131m. 2015 y\u0131l\u0131nda emekliye ayr\u0131ld\u0131m. Anadolu \u00dcniversitesinde Halkla<\/p>\n","protected":false},"author":1,"featured_media":163,"parent":0,"menu_order":0,"comment_status":"closed","ping_status":"closed","template":"","meta":{"footnotes":""},"class_list":["post-31","page","type-page","status-publish","has-post-thumbnail","hentry"],"yoast_head":"<!-- This site is optimized with the Yoast SEO plugin v27.4 - https:\/\/yoast.com\/product\/yoast-seo-wordpress\/ -->\n<title>Ya\u015fad\u0131m - S\u00fcleyman Ta\u015fgetiren&#039;in Sitesi<\/title>\n<meta name=\"robots\" content=\"index, follow, max-snippet:-1, max-image-preview:large, max-video-preview:-1\" \/>\n<link rel=\"canonical\" href=\"https:\/\/st.web.tr\/index.php\/cv\/\" \/>\n<meta property=\"og:locale\" content=\"tr_TR\" \/>\n<meta property=\"og:type\" content=\"article\" \/>\n<meta property=\"og:title\" content=\"Ya\u015fad\u0131m - S\u00fcleyman Ta\u015fgetiren&#039;in Sitesi\" \/>\n<meta property=\"og:description\" content=\"K\u0131sa bir hayat hikayesi Kahramanmara\u015f&#8217;ta do\u011fdum. Dokuz Eyl\u00fcl \u00dcniversitesinde Makine M\u00fchendisli\u011fi alan\u0131nda Lisans, Y\u00fcksek Lisans\u00a0 ve Doktora Dereceleri ald\u0131m. Denizli, Afyonkarahisar ve Bursa&#8217;da \u00fcniversitelerde \u00e7al\u0131\u015ft\u0131m. B\u00f6l\u00fcm Ba\u015fkanl\u0131\u011f\u0131, Dekanl\u0131k, Enstit\u00fc M\u00fcd\u00fcrl\u00fc\u011f\u00fc, Rekt\u00f6r Yard\u0131mc\u0131l\u0131\u011f\u0131 yapt\u0131m. 2015 y\u0131l\u0131nda emekliye ayr\u0131ld\u0131m. Anadolu \u00dcniversitesinde Halkla\" \/>\n<meta property=\"og:url\" content=\"https:\/\/st.web.tr\/index.php\/cv\/\" \/>\n<meta property=\"og:site_name\" content=\"S\u00fcleyman Ta\u015fgetiren&#039;in Sitesi\" \/>\n<meta property=\"article:modified_time\" content=\"2023-03-21T13:57:18+00:00\" \/>\n<meta property=\"og:image\" content=\"https:\/\/i0.wp.com\/st.web.tr\/wp-content\/uploads\/2023\/03\/cropped-pexels-pixabay-277054-scaled-1-e1679407016398.jpg?fit=542%2C245&ssl=1\" \/>\n\t<meta property=\"og:image:width\" content=\"542\" \/>\n\t<meta property=\"og:image:height\" content=\"245\" \/>\n\t<meta property=\"og:image:type\" content=\"image\/jpeg\" \/>\n<meta name=\"twitter:card\" content=\"summary_large_image\" \/>\n<meta name=\"twitter:site\" content=\"@stasget\" \/>\n<meta name=\"twitter:label1\" content=\"Tahmini okuma s\u00fcresi\" \/>\n\t<meta name=\"twitter:data1\" content=\"2 dakika\" \/>\n<script type=\"application\/ld+json\" class=\"yoast-schema-graph\">{\"@context\":\"https:\\\/\\\/schema.org\",\"@graph\":[{\"@type\":\"WebPage\",\"@id\":\"https:\\\/\\\/st.web.tr\\\/index.php\\\/cv\\\/\",\"url\":\"https:\\\/\\\/st.web.tr\\\/index.php\\\/cv\\\/\",\"name\":\"Ya\u015fad\u0131m - S\u00fcleyman Ta\u015fgetiren&#039;in Sitesi\",\"isPartOf\":{\"@id\":\"https:\\\/\\\/st.web.tr\\\/#website\"},\"primaryImageOfPage\":{\"@id\":\"https:\\\/\\\/st.web.tr\\\/index.php\\\/cv\\\/#primaryimage\"},\"image\":{\"@id\":\"https:\\\/\\\/st.web.tr\\\/index.php\\\/cv\\\/#primaryimage\"},\"thumbnailUrl\":\"https:\\\/\\\/i0.wp.com\\\/st.web.tr\\\/wp-content\\\/uploads\\\/2023\\\/03\\\/cropped-pexels-pixabay-277054-scaled-1-e1679407016398.jpg?fit=542%2C245&ssl=1\",\"datePublished\":\"2023-01-20T17:41:55+00:00\",\"dateModified\":\"2023-03-21T13:57:18+00:00\",\"breadcrumb\":{\"@id\":\"https:\\\/\\\/st.web.tr\\\/index.php\\\/cv\\\/#breadcrumb\"},\"inLanguage\":\"tr\",\"potentialAction\":[{\"@type\":\"ReadAction\",\"target\":[\"https:\\\/\\\/st.web.tr\\\/index.php\\\/cv\\\/\"]}]},{\"@type\":\"ImageObject\",\"inLanguage\":\"tr\",\"@id\":\"https:\\\/\\\/st.web.tr\\\/index.php\\\/cv\\\/#primaryimage\",\"url\":\"https:\\\/\\\/i0.wp.com\\\/st.web.tr\\\/wp-content\\\/uploads\\\/2023\\\/03\\\/cropped-pexels-pixabay-277054-scaled-1-e1679407016398.jpg?fit=542%2C245&ssl=1\",\"contentUrl\":\"https:\\\/\\\/i0.wp.com\\\/st.web.tr\\\/wp-content\\\/uploads\\\/2023\\\/03\\\/cropped-pexels-pixabay-277054-scaled-1-e1679407016398.jpg?fit=542%2C245&ssl=1\",\"width\":542,\"height\":245},{\"@type\":\"BreadcrumbList\",\"@id\":\"https:\\\/\\\/st.web.tr\\\/index.php\\\/cv\\\/#breadcrumb\",\"itemListElement\":[{\"@type\":\"ListItem\",\"position\":1,\"name\":\"Anasayfa\",\"item\":\"https:\\\/\\\/st.web.tr\\\/\"},{\"@type\":\"ListItem\",\"position\":2,\"name\":\"Ya\u015fad\u0131m\"}]},{\"@type\":\"WebSite\",\"@id\":\"https:\\\/\\\/st.web.tr\\\/#website\",\"url\":\"https:\\\/\\\/st.web.tr\\\/\",\"name\":\"S\u00fcleyman Ta\u015fgetiren&#039;in Sitesi\",\"description\":\"Hakk\u0131mda Baz\u0131 \u015eeyler...\",\"publisher\":{\"@id\":\"https:\\\/\\\/st.web.tr\\\/#\\\/schema\\\/person\\\/d341a0f14d2bb9b8f56a3b7adfb01d74\"},\"potentialAction\":[{\"@type\":\"SearchAction\",\"target\":{\"@type\":\"EntryPoint\",\"urlTemplate\":\"https:\\\/\\\/st.web.tr\\\/?s={search_term_string}\"},\"query-input\":{\"@type\":\"PropertyValueSpecification\",\"valueRequired\":true,\"valueName\":\"search_term_string\"}}],\"inLanguage\":\"tr\"},{\"@type\":[\"Person\",\"Organization\"],\"@id\":\"https:\\\/\\\/st.web.tr\\\/#\\\/schema\\\/person\\\/d341a0f14d2bb9b8f56a3b7adfb01d74\",\"name\":\"S\u00dcLEYMAN TA\u015eGET\u0130REN\",\"image\":{\"@type\":\"ImageObject\",\"inLanguage\":\"tr\",\"@id\":\"https:\\\/\\\/i0.wp.com\\\/st.web.tr\\\/wp-content\\\/uploads\\\/2023\\\/01\\\/cropped-colaj-2.png?fit=761%2C628&ssl=1\",\"url\":\"https:\\\/\\\/i0.wp.com\\\/st.web.tr\\\/wp-content\\\/uploads\\\/2023\\\/01\\\/cropped-colaj-2.png?fit=761%2C628&ssl=1\",\"contentUrl\":\"https:\\\/\\\/i0.wp.com\\\/st.web.tr\\\/wp-content\\\/uploads\\\/2023\\\/01\\\/cropped-colaj-2.png?fit=761%2C628&ssl=1\",\"width\":761,\"height\":628,\"caption\":\"S\u00dcLEYMAN TA\u015eGET\u0130REN\"},\"logo\":{\"@id\":\"https:\\\/\\\/i0.wp.com\\\/st.web.tr\\\/wp-content\\\/uploads\\\/2023\\\/01\\\/cropped-colaj-2.png?fit=761%2C628&ssl=1\"},\"description\":\"Ya\u015fad\u0131\u011f\u0131m Yerler: Mara\u015f Denizli \u0130zmir Ankara Afyon Bursa\",\"sameAs\":[\"https:\\\/\\\/st.web.tr\",\"https:\\\/\\\/www.instagram.com\\\/suleyman_tasgetiren\\\/\",\"https:\\\/\\\/www.linkedin.com\\\/in\\\/suleyman-tasgetiren-ba7b6735\\\/\",\"https:\\\/\\\/x.com\\\/stasget\",\"@suleymantasgetiren4232\"]}]}<\/script>\n<!-- \/ Yoast SEO plugin. -->","yoast_head_json":{"title":"Ya\u015fad\u0131m - S\u00fcleyman Ta\u015fgetiren&#039;in Sitesi","robots":{"index":"index","follow":"follow","max-snippet":"max-snippet:-1","max-image-preview":"max-image-preview:large","max-video-preview":"max-video-preview:-1"},"canonical":"https:\/\/st.web.tr\/index.php\/cv\/","og_locale":"tr_TR","og_type":"article","og_title":"Ya\u015fad\u0131m - S\u00fcleyman Ta\u015fgetiren&#039;in Sitesi","og_description":"K\u0131sa bir hayat hikayesi Kahramanmara\u015f&#8217;ta do\u011fdum. Dokuz Eyl\u00fcl \u00dcniversitesinde Makine M\u00fchendisli\u011fi alan\u0131nda Lisans, Y\u00fcksek Lisans\u00a0 ve Doktora Dereceleri ald\u0131m. Denizli, Afyonkarahisar ve Bursa&#8217;da \u00fcniversitelerde \u00e7al\u0131\u015ft\u0131m. B\u00f6l\u00fcm Ba\u015fkanl\u0131\u011f\u0131, Dekanl\u0131k, Enstit\u00fc M\u00fcd\u00fcrl\u00fc\u011f\u00fc, Rekt\u00f6r Yard\u0131mc\u0131l\u0131\u011f\u0131 yapt\u0131m. 2015 y\u0131l\u0131nda emekliye ayr\u0131ld\u0131m. Anadolu \u00dcniversitesinde Halkla","og_url":"https:\/\/st.web.tr\/index.php\/cv\/","og_site_name":"S\u00fcleyman Ta\u015fgetiren&#039;in Sitesi","article_modified_time":"2023-03-21T13:57:18+00:00","og_image":[{"width":542,"height":245,"url":"https:\/\/i0.wp.com\/st.web.tr\/wp-content\/uploads\/2023\/03\/cropped-pexels-pixabay-277054-scaled-1-e1679407016398.jpg?fit=542%2C245&ssl=1","type":"image\/jpeg"}],"twitter_card":"summary_large_image","twitter_site":"@stasget","twitter_misc":{"Tahmini okuma s\u00fcresi":"2 dakika"},"schema":{"@context":"https:\/\/schema.org","@graph":[{"@type":"WebPage","@id":"https:\/\/st.web.tr\/index.php\/cv\/","url":"https:\/\/st.web.tr\/index.php\/cv\/","name":"Ya\u015fad\u0131m - S\u00fcleyman Ta\u015fgetiren&#039;in Sitesi","isPartOf":{"@id":"https:\/\/st.web.tr\/#website"},"primaryImageOfPage":{"@id":"https:\/\/st.web.tr\/index.php\/cv\/#primaryimage"},"image":{"@id":"https:\/\/st.web.tr\/index.php\/cv\/#primaryimage"},"thumbnailUrl":"https:\/\/i0.wp.com\/st.web.tr\/wp-content\/uploads\/2023\/03\/cropped-pexels-pixabay-277054-scaled-1-e1679407016398.jpg?fit=542%2C245&ssl=1","datePublished":"2023-01-20T17:41:55+00:00","dateModified":"2023-03-21T13:57:18+00:00","breadcrumb":{"@id":"https:\/\/st.web.tr\/index.php\/cv\/#breadcrumb"},"inLanguage":"tr","potentialAction":[{"@type":"ReadAction","target":["https:\/\/st.web.tr\/index.php\/cv\/"]}]},{"@type":"ImageObject","inLanguage":"tr","@id":"https:\/\/st.web.tr\/index.php\/cv\/#primaryimage","url":"https:\/\/i0.wp.com\/st.web.tr\/wp-content\/uploads\/2023\/03\/cropped-pexels-pixabay-277054-scaled-1-e1679407016398.jpg?fit=542%2C245&ssl=1","contentUrl":"https:\/\/i0.wp.com\/st.web.tr\/wp-content\/uploads\/2023\/03\/cropped-pexels-pixabay-277054-scaled-1-e1679407016398.jpg?fit=542%2C245&ssl=1","width":542,"height":245},{"@type":"BreadcrumbList","@id":"https:\/\/st.web.tr\/index.php\/cv\/#breadcrumb","itemListElement":[{"@type":"ListItem","position":1,"name":"Anasayfa","item":"https:\/\/st.web.tr\/"},{"@type":"ListItem","position":2,"name":"Ya\u015fad\u0131m"}]},{"@type":"WebSite","@id":"https:\/\/st.web.tr\/#website","url":"https:\/\/st.web.tr\/","name":"S\u00fcleyman Ta\u015fgetiren&#039;in Sitesi","description":"Hakk\u0131mda Baz\u0131 \u015eeyler...","publisher":{"@id":"https:\/\/st.web.tr\/#\/schema\/person\/d341a0f14d2bb9b8f56a3b7adfb01d74"},"potentialAction":[{"@type":"SearchAction","target":{"@type":"EntryPoint","urlTemplate":"https:\/\/st.web.tr\/?s={search_term_string}"},"query-input":{"@type":"PropertyValueSpecification","valueRequired":true,"valueName":"search_term_string"}}],"inLanguage":"tr"},{"@type":["Person","Organization"],"@id":"https:\/\/st.web.tr\/#\/schema\/person\/d341a0f14d2bb9b8f56a3b7adfb01d74","name":"S\u00dcLEYMAN TA\u015eGET\u0130REN","image":{"@type":"ImageObject","inLanguage":"tr","@id":"https:\/\/i0.wp.com\/st.web.tr\/wp-content\/uploads\/2023\/01\/cropped-colaj-2.png?fit=761%2C628&ssl=1","url":"https:\/\/i0.wp.com\/st.web.tr\/wp-content\/uploads\/2023\/01\/cropped-colaj-2.png?fit=761%2C628&ssl=1","contentUrl":"https:\/\/i0.wp.com\/st.web.tr\/wp-content\/uploads\/2023\/01\/cropped-colaj-2.png?fit=761%2C628&ssl=1","width":761,"height":628,"caption":"S\u00dcLEYMAN TA\u015eGET\u0130REN"},"logo":{"@id":"https:\/\/i0.wp.com\/st.web.tr\/wp-content\/uploads\/2023\/01\/cropped-colaj-2.png?fit=761%2C628&ssl=1"},"description":"Ya\u015fad\u0131\u011f\u0131m Yerler: Mara\u015f Denizli \u0130zmir Ankara Afyon Bursa","sameAs":["https:\/\/st.web.tr","https:\/\/www.instagram.com\/suleyman_tasgetiren\/","https:\/\/www.linkedin.com\/in\/suleyman-tasgetiren-ba7b6735\/","https:\/\/x.com\/stasget","@suleymantasgetiren4232"]}]}},"jetpack_sharing_enabled":true,"_links":{"self":[{"href":"https:\/\/st.web.tr\/index.php\/wp-json\/wp\/v2\/pages\/31","targetHints":{"allow":["GET"]}}],"collection":[{"href":"https:\/\/st.web.tr\/index.php\/wp-json\/wp\/v2\/pages"}],"about":[{"href":"https:\/\/st.web.tr\/index.php\/wp-json\/wp\/v2\/types\/page"}],"author":[{"embeddable":true,"href":"https:\/\/st.web.tr\/index.php\/wp-json\/wp\/v2\/users\/1"}],"replies":[{"embeddable":true,"href":"https:\/\/st.web.tr\/index.php\/wp-json\/wp\/v2\/comments?post=31"}],"version-history":[{"count":9,"href":"https:\/\/st.web.tr\/index.php\/wp-json\/wp\/v2\/pages\/31\/revisions"}],"predecessor-version":[{"id":192,"href":"https:\/\/st.web.tr\/index.php\/wp-json\/wp\/v2\/pages\/31\/revisions\/192"}],"wp:featuredmedia":[{"embeddable":true,"href":"https:\/\/st.web.tr\/index.php\/wp-json\/wp\/v2\/media\/163"}],"wp:attachment":[{"href":"https:\/\/st.web.tr\/index.php\/wp-json\/wp\/v2\/media?parent=31"}],"curies":[{"name":"wp","href":"https:\/\/api.w.org\/{rel}","templated":true}]}}